{"id":1188,"date":"2023-05-26T08:33:49","date_gmt":"2023-05-26T08:33:49","guid":{"rendered":"http:\/\/visiopharm.local\/?page_id=247"},"modified":"2024-03-28T15:37:52","modified_gmt":"2024-03-28T14:37:52","slug":"formation","status":"publish","type":"page","link":"https:\/\/www.visiopharm.fr\/logiciel-pharmacie\/formation\/","title":{"rendered":"Formation"},"content":{"rendered":"\n<p><\/p>\n\n\n\n<div class=\"wp-block-cover is-light hero-img has-x-large-font-size\"><span aria-hidden=\"true\" class=\"wp-block-cover__background has-background-dim\"><\/span><img loading=\"lazy\" decoding=\"async\" width=\"1859\" height=\"1241\" class=\"wp-block-cover__image-background wp-image-1252\" alt=\"\" src=\"https:\/\/www.visiopharm.fr\/logiciel-pharmacie\/wp-content\/uploads\/2023\/06\/formation.png\" data-object-fit=\"cover\" srcset=\"https:\/\/www.visiopharm.fr\/logiciel-pharmacie\/wp-content\/uploads\/2023\/06\/formation.png 1859w, https:\/\/www.visiopharm.fr\/logiciel-pharmacie\/wp-content\/uploads\/2023\/06\/formation-300x200.png 300w, https:\/\/www.visiopharm.fr\/logiciel-pharmacie\/wp-content\/uploads\/2023\/06\/formation-1024x684.png 1024w, https:\/\/www.visiopharm.fr\/logiciel-pharmacie\/wp-content\/uploads\/2023\/06\/formation-768x513.png 768w, https:\/\/www.visiopharm.fr\/logiciel-pharmacie\/wp-content\/uploads\/2023\/06\/formation-1536x1025.png 1536w\" sizes=\"auto, (max-width: 1859px) 100vw, 1859px\" \/><div class=\"wp-block-cover__inner-container is-layout-flow wp-block-cover-is-layout-flow\">\n<p class=\"has-text-align-center hero-title has-x-large-font-size\"><strong>LES FORMATIONS<\/strong><\/p>\n<\/div><\/div>\n\n\n\n<div class=\"wp-block-group formation-questions-wrapper is-vertical is-content-justification-center is-layout-flex wp-container-core-group-is-layout-49d8a8fc wp-block-group-is-layout-flex\" style=\"margin-top:var(--wp--preset--spacing--70);margin-bottom:var(--wp--preset--spacing--60)\">\n<figure class=\"wp-block-image size-full\"><img decoding=\"async\" src=\"https:\/\/www.visiopharm.fr\/logiciel-pharmacie\/wp-content\/uploads\/2023\/06\/questions.svg\" alt=\"\" class=\"wp-image-1278\"\/><\/figure>\n\n\n\n<div class=\"wp-block-group formation-questions is-content-justification-center is-nowrap is-layout-flex wp-container-core-group-is-layout-23441af8 wp-block-group-is-layout-flex\">\n<div class=\"wp-block-group is-vertical is-content-justification-left is-layout-flex wp-container-core-group-is-layout-dd225191 wp-block-group-is-layout-flex\">\n<div class=\"inherit-container-width wp-block-group formation-progress-bar-1 is-layout-constrained wp-block-group-is-layout-constrained\"><\/div>\n\n\n\n<p class=\"formation-questions-paragraph has-medium-font-size\" style=\"padding-top:var(--wp--preset--spacing--40);padding-right:var(--wp--preset--spacing--40);padding-bottom:var(--wp--preset--spacing--60);padding-left:var(--wp--preset--spacing--40)\">L\u2019installation du logiciel se fait en dehors des horaires d&rsquo;ouverture pour ne pas bousculer l\u2019activit\u00e9 de l\u2019officine en pleine semaine. <\/p>\n\n\n\n<p class=\"formation-questions-paragraph has-medium-font-size\" style=\"padding-top:var(--wp--preset--spacing--40);padding-right:var(--wp--preset--spacing--40);padding-bottom:var(--wp--preset--spacing--60);padding-left:var(--wp--preset--spacing--40)\">Nous proposons \u00e9videmment la r\u00e9cup\u00e9ration des informations de votre ancien logiciel en y apportant un soin particulier (historique, scanordo, patients, commandes m\u00e9decins&#8230;).<\/p>\n<\/div>\n\n\n\n<div class=\"wp-block-group is-vertical is-content-justification-left is-layout-flex wp-container-core-group-is-layout-dd225191 wp-block-group-is-layout-flex\">\n<div class=\"inherit-container-width wp-block-group formation-progress-bar-2 is-layout-constrained wp-block-group-is-layout-constrained\"><\/div>\n\n\n\n<p class=\"formation-questions-paragraph has-medium-font-size\" style=\"padding-top:var(--wp--preset--spacing--40);padding-right:var(--wp--preset--spacing--40);padding-bottom:var(--wp--preset--spacing--60);padding-left:var(--wp--preset--spacing--40)\">Chez VisioPharm, nous prenons soin de former au mieux nos utilisateurs en les accompagnant d\u00e8s le d\u00e9but de l\u2019installation du logiciel, avec pour premier objectif la ma\u00eetrise des fonctionnalit\u00e9s essentielles \u00e0 la bonne gestion de votre officine.<\/p>\n\n\n\n<p><\/p>\n\n\n\n<p class=\"has-text-align-left formation-questions-paragraph has-medium-font-size\" style=\"padding-top:var(--wp--preset--spacing--40);padding-right:var(--wp--preset--spacing--40);padding-bottom:var(--wp--preset--spacing--60);padding-left:var(--wp--preset--spacing--40)\">Nous mettons \u00e0 votre disposition un poste informatique avec une version compl\u00e8te avant votre installation, nous organisons une pr\u00e9-formation de <br>pr\u00e9sentation de l&rsquo;environnement de VisioPharm en visio pour vous familiariser avec notre LGO.<br><\/p>\n<\/div>\n\n\n\n<div class=\"wp-block-group is-vertical is-content-justification-left is-layout-flex wp-container-core-group-is-layout-dd225191 wp-block-group-is-layout-flex\">\n<div class=\"inherit-container-width wp-block-group formation-progress-bar-3 is-layout-constrained wp-block-group-is-layout-constrained\"><\/div>\n\n\n\n<p class=\"formation-questions-paragraph has-medium-font-size\" style=\"padding-top:var(--wp--preset--spacing--40);padding-right:var(--wp--preset--spacing--40);padding-bottom:var(--wp--preset--spacing--40);padding-left:var(--wp--preset--spacing--40)\"><br>Formation initiale : 3 jours<br>Nous vous accompagnons dans l&rsquo;utilisation du logiciel VisioPharm et ses fonctionnalit\u00e9s dans votre officine.<br><br>Formation compl\u00e9mentaire :<br>Une formation en mode \u00ab\u00a0expert\u00a0\u00bb est propos\u00e9e pour les fonctionnalit\u00e9s avanc\u00e9es, elles peuvent se d\u00e9rouler sur site ou \u00e0 distance.<br><br>Nous adaptons les formations en fonctions de votre niveau en informatique.<\/p>\n<\/div>\n<\/div>\n\n\n\n<div style=\"margin-top:var(--wp--preset--spacing--40);height:0px\" aria-hidden=\"true\" class=\"wp-block-spacer separator-green wp-container-content-6388d5dc\"><\/div>\n<\/div>\n\n\n\n<h2 class=\"wp-block-heading has-text-align-center has-x-large-font-size\" style=\"margin-bottom:var(--wp--preset--spacing--40);font-style:normal;font-weight:700\">GROUPES <span style=\"font-weight:400\">DE<\/span> FORMATION<\/h2>\n\n\n\n<div class=\"wp-block-group formation-groups-wrapper is-content-justification-center is-nowrap is-layout-flex wp-container-core-group-is-layout-75a50c43 wp-block-group-is-layout-flex\" style=\"margin-bottom:var(--wp--preset--spacing--80)\">\n<p class=\"formation-questions-paragraph groupes-formation has-medium-font-size\" style=\"margin-left:var(--wp--preset--spacing--50);padding-top:var(--wp--preset--spacing--50);padding-right:var(--wp--preset--spacing--50);padding-bottom:var(--wp--preset--spacing--50);padding-left:var(--wp--preset--spacing--50)\">VisioPharm propose des formations \u00e0 ses utilisateurs tout au long de l&rsquo;ann\u00e9e sur des th\u00e9matiques diff\u00e9rentes pour que chacun puisse partager son exp\u00e9rience du logiciel.<br>Il s\u2019agit d\u2019\u00e9v\u00e8nements regroupant les utilisateurs curieux d\u2019approfondir leurs connaissances sur VisioPharm et partager leur \u00ab\u00a0truc et astuces\u00a0\u00bb&#8230;<br>Lors de ces rencontres, nous vous pr\u00e9senterons les nouvelles fonctionnalit\u00e9s et les futures \u00e9volutions r\u00e9glementaires.<\/p>\n\n\n\n<figure class=\"wp-block-image size-large\"><img loading=\"lazy\" decoding=\"async\" width=\"1024\" height=\"749\" src=\"https:\/\/www.visiopharm.fr\/logiciel-pharmacie\/wp-content\/uploads\/2023\/06\/formation_2-1024x749.png\" alt=\"\" class=\"wp-image-1253\" srcset=\"https:\/\/www.visiopharm.fr\/logiciel-pharmacie\/wp-content\/uploads\/2023\/06\/formation_2-1024x749.png 1024w, https:\/\/www.visiopharm.fr\/logiciel-pharmacie\/wp-content\/uploads\/2023\/06\/formation_2-300x219.png 300w, https:\/\/www.visiopharm.fr\/logiciel-pharmacie\/wp-content\/uploads\/2023\/06\/formation_2-768x561.png 768w, https:\/\/www.visiopharm.fr\/logiciel-pharmacie\/wp-content\/uploads\/2023\/06\/formation_2-1536x1123.png 1536w, https:\/\/www.visiopharm.fr\/logiciel-pharmacie\/wp-content\/uploads\/2023\/06\/formation_2-2048x1497.png 2048w\" sizes=\"auto, (max-width: 1024px) 100vw, 1024px\" \/><\/figure>\n<\/div>\n\n\n\n<div class=\"wp-block-group formation-ans is-vertical is-content-justification-center is-layout-flex wp-container-core-group-is-layout-907cc4a9 wp-block-group-is-layout-flex\" style=\"margin-top:var(--wp--preset--spacing--60);margin-bottom:var(--wp--preset--spacing--80)\">\n<h2 class=\"wp-block-heading has-text-align-center has-x-large-font-size\" style=\"text-transform:uppercase\">Plateforme e-learning <mark style=\"background-color:rgba(0, 0, 0, 0);color:#00a55e\" class=\"has-inline-color\">ANS<\/mark><\/h2>\n\n\n\n<p class=\"has-medium-font-size\">Acc\u00e9dez \u00e0 la plateforme d\u2019e-learning gratuite mise en place par l\u2019ANS pour mieux ma\u00eetriser progressivement tous les aspects de la e-sant\u00e9.<\/p>\n\n\n\n<div class=\"wp-block-buttons is-layout-flex wp-block-buttons-is-layout-flex\">\n<div class=\"wp-block-button btn\"><a class=\"wp-block-button__link wp-element-button\" href=\"https:\/\/www.coorpacademy.com\/esante-formation\/\">Acc\u00e9der \u00e0 la plateforme<\/a><\/div>\n<\/div>\n<\/div>\n","protected":false},"excerpt":{"rendered":"<p>L\u2019installation du logiciel se fait en dehors des horaires d&rsquo;ouverture pour ne pas bousculer l\u2019activit\u00e9 de l\u2019officine en pleine semaine. Nous proposons \u00e9videmment la r\u00e9cup\u00e9ration des informations de votre ancien logiciel en y apportant un soin particulier (historique, scanordo, patients, commandes m\u00e9decins&#8230;). Chez VisioPharm, nous prenons soin de former au mieux nos utilisateurs en les [&hellip;]<\/p>\n","protected":false},"author":2,"featured_media":0,"parent":0,"menu_order":6,"comment_status":"closed","ping_status":"closed","template":"formations.php","meta":{"site-sidebar-layout":"default","site-content-layout":"","ast-site-content-layout":"","site-content-style":"default","site-sidebar-style":"default","ast-global-header-display":"","ast-banner-title-visibility":"","ast-main-header-display":"","ast-hfb-above-header-display":"","ast-hfb-below-header-display":"","ast-hfb-mobile-header-display":"","site-post-title":"disabled","ast-breadcrumbs-content":"","ast-featured-img":"","footer-sml-layout":"","theme-transparent-header-meta":"","adv-header-id-meta":"","stick-header-meta":"","header-above-stick-meta":"","header-main-stick-meta":"","header-below-stick-meta":"","astra-migrate-meta-layouts":"default","ast-page-background-enabled":"default","ast-page-background-meta":{"desktop":{"background-color":"var(--ast-global-color-4)","background-image":"","background-repeat":"repeat","background-position":"center center","background-size":"auto","background-attachment":"scroll","background-type":"","background-media":"","overlay-type":"","overlay-color":"","overlay-opacity":"","overlay-gradient":""},"tablet":{"background-color":"","background-image":"","background-repeat":"repeat","background-position":"center center","background-size":"auto","background-attachment":"scroll","background-type":"","background-media":"","overlay-type":"","overlay-color":"","overlay-opacity":"","overlay-gradient":""},"mobile":{"background-color":"","background-image":"","background-repeat":"repeat","background-position":"center center","background-size":"auto","background-attachment":"scroll","background-type":"","background-media":"","overlay-type":"","overlay-color":"","overlay-opacity":"","overlay-gradient":""}},"ast-content-background-meta":{"desktop":{"background-color":"var(--ast-global-color-5)","background-image":"","background-repeat":"repeat","background-position":"center center","background-size":"auto","background-attachment":"scroll","background-type":"","background-media":"","overlay-type":"","overlay-color":"","overlay-opacity":"","overlay-gradient":""},"tablet":{"background-color":"var(--ast-global-color-5)","background-image":"","background-repeat":"repeat","background-position":"center center","background-size":"auto","background-attachment":"scroll","background-type":"","background-media":"","overlay-type":"","overlay-color":"","overlay-opacity":"","overlay-gradient":""},"mobile":{"background-color":"var(--ast-global-color-5)","background-image":"","background-repeat":"repeat","background-position":"center center","background-size":"auto","background-attachment":"scroll","background-type":"","background-media":"","overlay-type":"","overlay-color":"","overlay-opacity":"","overlay-gradient":""}},"footnotes":""},"class_list":["post-1188","page","type-page","status-publish","hentry"],"yoast_head":"<!-- This site is optimized with the Yoast SEO plugin v27.1.1 - https:\/\/yoast.com\/product\/yoast-seo-wordpress\/ -->\n<title>Formation | Visiopharm<\/title>\n<meta name=\"description\" content=\"Chez VisioPharm, nous prenons soin de former au mieux nos utilisateurs en les accompagnant d\u00e8s le d\u00e9but de l\u2019installation du logiciel.\" \/>\n<meta name=\"robots\" content=\"index, follow, max-snippet:-1, max-image-preview:large, max-video-preview:-1\" \/>\n<link rel=\"canonical\" href=\"https:\/\/www.visiopharm.fr\/logiciel-pharmacie\/formation\/\" \/>\n<meta property=\"og:locale\" content=\"fr_FR\" \/>\n<meta property=\"og:type\" content=\"article\" \/>\n<meta property=\"og:title\" content=\"Formation | Visiopharm\" \/>\n<meta property=\"og:description\" content=\"Chez VisioPharm, nous prenons soin de former au mieux nos utilisateurs en les accompagnant d\u00e8s le d\u00e9but de l\u2019installation du logiciel.\" \/>\n<meta property=\"og:url\" content=\"https:\/\/www.visiopharm.fr\/logiciel-pharmacie\/formation\/\" \/>\n<meta property=\"og:site_name\" content=\"Visiopharm\" \/>\n<meta property=\"article:publisher\" content=\"https:\/\/www.facebook.com\/VisioPharm-282872765161490\/\" \/>\n<meta property=\"article:modified_time\" content=\"2024-03-28T14:37:52+00:00\" \/>\n<meta property=\"og:image\" content=\"http:\/\/www.visiopharm.fr\/logiciel-pharmacie\/wp-content\/uploads\/2023\/06\/formation.png\" \/>\n<meta name=\"twitter:card\" content=\"summary_large_image\" \/>\n<meta name=\"twitter:label1\" content=\"Dur\u00e9e de lecture estim\u00e9e\" \/>\n\t<meta name=\"twitter:data1\" content=\"2 minutes\" \/>\n<script type=\"application\/ld+json\" class=\"yoast-schema-graph\">{\"@context\":\"https:\/\/schema.org\",\"@graph\":[{\"@type\":\"WebPage\",\"@id\":\"https:\/\/www.visiopharm.fr\/logiciel-pharmacie\/formation\/\",\"url\":\"https:\/\/www.visiopharm.fr\/logiciel-pharmacie\/formation\/\",\"name\":\"Formation | Visiopharm\",\"isPartOf\":{\"@id\":\"https:\/\/www.visiopharm.fr\/logiciel-pharmacie\/#website\"},\"primaryImageOfPage\":{\"@id\":\"https:\/\/www.visiopharm.fr\/logiciel-pharmacie\/formation\/#primaryimage\"},\"image\":{\"@id\":\"https:\/\/www.visiopharm.fr\/logiciel-pharmacie\/formation\/#primaryimage\"},\"thumbnailUrl\":\"http:\/\/www.visiopharm.fr\/logiciel-pharmacie\/wp-content\/uploads\/2023\/06\/formation.png\",\"datePublished\":\"2023-05-26T08:33:49+00:00\",\"dateModified\":\"2024-03-28T14:37:52+00:00\",\"description\":\"Chez VisioPharm, nous prenons soin de former au mieux nos utilisateurs en les accompagnant d\u00e8s le d\u00e9but de l\u2019installation du logiciel.\",\"breadcrumb\":{\"@id\":\"https:\/\/www.visiopharm.fr\/logiciel-pharmacie\/formation\/#breadcrumb\"},\"inLanguage\":\"fr-FR\",\"potentialAction\":[{\"@type\":\"ReadAction\",\"target\":[\"https:\/\/www.visiopharm.fr\/logiciel-pharmacie\/formation\/\"]}]},{\"@type\":\"ImageObject\",\"inLanguage\":\"fr-FR\",\"@id\":\"https:\/\/www.visiopharm.fr\/logiciel-pharmacie\/formation\/#primaryimage\",\"url\":\"http:\/\/www.visiopharm.fr\/logiciel-pharmacie\/wp-content\/uploads\/2023\/06\/formation.png\",\"contentUrl\":\"http:\/\/www.visiopharm.fr\/logiciel-pharmacie\/wp-content\/uploads\/2023\/06\/formation.png\"},{\"@type\":\"BreadcrumbList\",\"@id\":\"https:\/\/www.visiopharm.fr\/logiciel-pharmacie\/formation\/#breadcrumb\",\"itemListElement\":[{\"@type\":\"ListItem\",\"position\":1,\"name\":\"Accueil\",\"item\":\"https:\/\/www.visiopharm.fr\/logiciel-pharmacie\/\"},{\"@type\":\"ListItem\",\"position\":2,\"name\":\"Formation\"}]},{\"@type\":\"WebSite\",\"@id\":\"https:\/\/www.visiopharm.fr\/logiciel-pharmacie\/#website\",\"url\":\"https:\/\/www.visiopharm.fr\/logiciel-pharmacie\/\",\"name\":\"Visiopharm\",\"description\":\"La gestion de la pharmacie \u00e0 port\u00e9e de clic.\",\"publisher\":{\"@id\":\"https:\/\/www.visiopharm.fr\/logiciel-pharmacie\/#organization\"},\"potentialAction\":[{\"@type\":\"SearchAction\",\"target\":{\"@type\":\"EntryPoint\",\"urlTemplate\":\"https:\/\/www.visiopharm.fr\/logiciel-pharmacie\/?s={search_term_string}\"},\"query-input\":{\"@type\":\"PropertyValueSpecification\",\"valueRequired\":true,\"valueName\":\"search_term_string\"}}],\"inLanguage\":\"fr-FR\"},{\"@type\":\"Organization\",\"@id\":\"https:\/\/www.visiopharm.fr\/logiciel-pharmacie\/#organization\",\"name\":\"VisioPharm\",\"url\":\"https:\/\/www.visiopharm.fr\/logiciel-pharmacie\/\",\"logo\":{\"@type\":\"ImageObject\",\"inLanguage\":\"fr-FR\",\"@id\":\"https:\/\/www.visiopharm.fr\/logiciel-pharmacie\/#\/schema\/logo\/image\/\",\"url\":\"https:\/\/www.visiopharm.fr\/logiciel-pharmacie\/wp-content\/uploads\/2017\/06\/logo.png\",\"contentUrl\":\"https:\/\/www.visiopharm.fr\/logiciel-pharmacie\/wp-content\/uploads\/2017\/06\/logo.png\",\"width\":1828,\"height\":709,\"caption\":\"VisioPharm\"},\"image\":{\"@id\":\"https:\/\/www.visiopharm.fr\/logiciel-pharmacie\/#\/schema\/logo\/image\/\"},\"sameAs\":[\"https:\/\/www.facebook.com\/VisioPharm-282872765161490\/\",\"https:\/\/www.youtube.com\/channel\/UC9yxG0EZvJSI0wKyfhA1Zhw\"]}]}<\/script>\n<!-- \/ Yoast SEO plugin. -->","yoast_head_json":{"title":"Formation | Visiopharm","description":"Chez VisioPharm, nous prenons soin de former au mieux nos utilisateurs en les accompagnant d\u00e8s le d\u00e9but de l\u2019installation du logiciel.","robots":{"index":"index","follow":"follow","max-snippet":"max-snippet:-1","max-image-preview":"max-image-preview:large","max-video-preview":"max-video-preview:-1"},"canonical":"https:\/\/www.visiopharm.fr\/logiciel-pharmacie\/formation\/","og_locale":"fr_FR","og_type":"article","og_title":"Formation | Visiopharm","og_description":"Chez VisioPharm, nous prenons soin de former au mieux nos utilisateurs en les accompagnant d\u00e8s le d\u00e9but de l\u2019installation du logiciel.","og_url":"https:\/\/www.visiopharm.fr\/logiciel-pharmacie\/formation\/","og_site_name":"Visiopharm","article_publisher":"https:\/\/www.facebook.com\/VisioPharm-282872765161490\/","article_modified_time":"2024-03-28T14:37:52+00:00","og_image":[{"url":"http:\/\/www.visiopharm.fr\/logiciel-pharmacie\/wp-content\/uploads\/2023\/06\/formation.png","type":"","width":"","height":""}],"twitter_card":"summary_large_image","twitter_misc":{"Dur\u00e9e de lecture estim\u00e9e":"2 minutes"},"schema":{"@context":"https:\/\/schema.org","@graph":[{"@type":"WebPage","@id":"https:\/\/www.visiopharm.fr\/logiciel-pharmacie\/formation\/","url":"https:\/\/www.visiopharm.fr\/logiciel-pharmacie\/formation\/","name":"Formation | Visiopharm","isPartOf":{"@id":"https:\/\/www.visiopharm.fr\/logiciel-pharmacie\/#website"},"primaryImageOfPage":{"@id":"https:\/\/www.visiopharm.fr\/logiciel-pharmacie\/formation\/#primaryimage"},"image":{"@id":"https:\/\/www.visiopharm.fr\/logiciel-pharmacie\/formation\/#primaryimage"},"thumbnailUrl":"http:\/\/www.visiopharm.fr\/logiciel-pharmacie\/wp-content\/uploads\/2023\/06\/formation.png","datePublished":"2023-05-26T08:33:49+00:00","dateModified":"2024-03-28T14:37:52+00:00","description":"Chez VisioPharm, nous prenons soin de former au mieux nos utilisateurs en les accompagnant d\u00e8s le d\u00e9but de l\u2019installation du logiciel.","breadcrumb":{"@id":"https:\/\/www.visiopharm.fr\/logiciel-pharmacie\/formation\/#breadcrumb"},"inLanguage":"fr-FR","potentialAction":[{"@type":"ReadAction","target":["https:\/\/www.visiopharm.fr\/logiciel-pharmacie\/formation\/"]}]},{"@type":"ImageObject","inLanguage":"fr-FR","@id":"https:\/\/www.visiopharm.fr\/logiciel-pharmacie\/formation\/#primaryimage","url":"http:\/\/www.visiopharm.fr\/logiciel-pharmacie\/wp-content\/uploads\/2023\/06\/formation.png","contentUrl":"http:\/\/www.visiopharm.fr\/logiciel-pharmacie\/wp-content\/uploads\/2023\/06\/formation.png"},{"@type":"BreadcrumbList","@id":"https:\/\/www.visiopharm.fr\/logiciel-pharmacie\/formation\/#breadcrumb","itemListElement":[{"@type":"ListItem","position":1,"name":"Accueil","item":"https:\/\/www.visiopharm.fr\/logiciel-pharmacie\/"},{"@type":"ListItem","position":2,"name":"Formation"}]},{"@type":"WebSite","@id":"https:\/\/www.visiopharm.fr\/logiciel-pharmacie\/#website","url":"https:\/\/www.visiopharm.fr\/logiciel-pharmacie\/","name":"Visiopharm","description":"La gestion de la pharmacie \u00e0 port\u00e9e de clic.","publisher":{"@id":"https:\/\/www.visiopharm.fr\/logiciel-pharmacie\/#organization"},"potentialAction":[{"@type":"SearchAction","target":{"@type":"EntryPoint","urlTemplate":"https:\/\/www.visiopharm.fr\/logiciel-pharmacie\/?s={search_term_string}"},"query-input":{"@type":"PropertyValueSpecification","valueRequired":true,"valueName":"search_term_string"}}],"inLanguage":"fr-FR"},{"@type":"Organization","@id":"https:\/\/www.visiopharm.fr\/logiciel-pharmacie\/#organization","name":"VisioPharm","url":"https:\/\/www.visiopharm.fr\/logiciel-pharmacie\/","logo":{"@type":"ImageObject","inLanguage":"fr-FR","@id":"https:\/\/www.visiopharm.fr\/logiciel-pharmacie\/#\/schema\/logo\/image\/","url":"https:\/\/www.visiopharm.fr\/logiciel-pharmacie\/wp-content\/uploads\/2017\/06\/logo.png","contentUrl":"https:\/\/www.visiopharm.fr\/logiciel-pharmacie\/wp-content\/uploads\/2017\/06\/logo.png","width":1828,"height":709,"caption":"VisioPharm"},"image":{"@id":"https:\/\/www.visiopharm.fr\/logiciel-pharmacie\/#\/schema\/logo\/image\/"},"sameAs":["https:\/\/www.facebook.com\/VisioPharm-282872765161490\/","https:\/\/www.youtube.com\/channel\/UC9yxG0EZvJSI0wKyfhA1Zhw"]}]}},"_links":{"self":[{"href":"https:\/\/www.visiopharm.fr\/logiciel-pharmacie\/wp-json\/wp\/v2\/pages\/1188","targetHints":{"allow":["GET"]}}],"collection":[{"href":"https:\/\/www.visiopharm.fr\/logiciel-pharmacie\/wp-json\/wp\/v2\/pages"}],"about":[{"href":"https:\/\/www.visiopharm.fr\/logiciel-pharmacie\/wp-json\/wp\/v2\/types\/page"}],"author":[{"embeddable":true,"href":"https:\/\/www.visiopharm.fr\/logiciel-pharmacie\/wp-json\/wp\/v2\/users\/2"}],"replies":[{"embeddable":true,"href":"https:\/\/www.visiopharm.fr\/logiciel-pharmacie\/wp-json\/wp\/v2\/comments?post=1188"}],"version-history":[{"count":8,"href":"https:\/\/www.visiopharm.fr\/logiciel-pharmacie\/wp-json\/wp\/v2\/pages\/1188\/revisions"}],"predecessor-version":[{"id":1611,"href":"https:\/\/www.visiopharm.fr\/logiciel-pharmacie\/wp-json\/wp\/v2\/pages\/1188\/revisions\/1611"}],"wp:attachment":[{"href":"https:\/\/www.visiopharm.fr\/logiciel-pharmacie\/wp-json\/wp\/v2\/media?parent=1188"}],"curies":[{"name":"wp","href":"https:\/\/api.w.org\/{rel}","templated":true}]}}